{"id":500,"date":"2026-02-10T09:20:11","date_gmt":"2026-02-10T08:20:11","guid":{"rendered":"https:\/\/solarti.fr\/?page_id=500"},"modified":"2026-02-10T09:20:11","modified_gmt":"2026-02-10T08:20:11","slug":"mentions-legales-solarti","status":"publish","type":"page","link":"https:\/\/solarti.fr\/index.php\/mentions-legales-solarti\/","title":{"rendered":"Mentions l\u00e9gales Solarti"},"content":{"rendered":"\n<p>Les informations fournies dans ce site ne sont donn\u00e9es qu\u2019\u00e0 titre indicatif et n\u2019ont pas de valeur contractuelle.<\/p>\n\n\n\n<p>Le site solarti.fr et l\u2019ensemble de son contenu, y compris textes, images fixes ou anim\u00e9es, bases de donn\u00e9es, programmes,\u2026 (ci-apr\u00e8s \u00ab le site internet de Solarti\u00bb) sont la propri\u00e9t\u00e9 de la soci\u00e9t\u00e9 Soci\u00e9t\u00e9 Solarti SARL, au capital de 13 000 \u20ac, dont le si\u00e8ge social est situ\u00e9 3, rue de la Close 44360 Saint-Etienne de Montluc. Siret 50180306800029 R.C.S. NANTES. contact@solarti.fr<\/p>\n\n\n\n<p>Le Directeur de la publication et de la r\u00e9daction du Site est M. Xavier Emeraud Gildas de la soci\u00e9t\u00e9 Solarti.<\/p>\n\n\n\n<p>Le prestataire assurant la cr\u00e9ation du site est la soci\u00e9t\u00e9 CISIT 51 Rue Fr\u00e9d\u00e9ric Chopin 44220 Cou\u00ebron. Siret 79220262400013  | 792 202 624 R.C.S. NANTES | Code Ape 4651Z.<\/p>\n\n\n\n<p>Le Prestataire assurant l\u2019h\u00e9bergement du site, ainsi que le stockage des informations, est la soci\u00e9t\u00e9 OVH SAS au capital de 10 000 000 \u20ac RCS Roubaix \u2013 Tourcoing 424 761 419 00045 \u2013 Code APE 6202A \u2013 N\u00b0 TVA : FR 22 424 761 419. Si\u00e8ge social : 2 rue Kellermann 59100 Roubaix \u2013 France.<\/p>\n\n\n\n<h2 class=\"wp-block-heading\">Conditions d\u2019utilisation du site<\/h2>\n\n\n\n<p>L\u2019utilisateur du site internet Solarti reconna\u00eet disposer de la comp\u00e9tence et des moyens n\u00e9cessaires pour acc\u00e9der et utiliser ce site internet et reconna\u00eet avoir v\u00e9rifi\u00e9 que la configuration informatique utilis\u00e9e ne contient aucun virus et qu\u2019elle est en parfait \u00e9tat de fonctionnement.<\/p>\n\n\n\n<p>L\u2019utilisateur reconna\u00eet \u00e9galement avoir pris connaissance de la pr\u00e9sente notice l\u00e9gale et s\u2019engage \u00e0 la respecter.<\/p>\n\n\n\n<p>Solarti ne conc\u00e8de \u00e0 l\u2019utilisateur qu\u2019une autorisation de visualisation de son contenu \u00e0 titre priv\u00e9 et personnel. Solarti autorise l\u2019utilisateur :<\/p>\n\n\n\n<p>A reproduire \u00e9lectroniquement le contenu du site internet Solarti aux seules fins de visualisation des pages ouvertes par son logiciel de navigation.\nA effectuer une impression papier aux seules fins de copie priv\u00e9e dans les conditions de l\u2019article L122-5 du code de la Propri\u00e9t\u00e9 Intellectuelle.<\/p>\n\n\n\n<p>Toute autre utilisation non express\u00e9ment vis\u00e9e aux pr\u00e9sentes n\u2019est pas permise et n\u00e9cessite l\u2019accord pr\u00e9alable et \u00e9crit de Solarti. Les marques de la soci\u00e9t\u00e9 Solarti, ainsi que les logos figurant sur le Site Internet, les logiciels, bases de donn\u00e9es, textes, images anim\u00e9es ou non, sons \u2026 ne peuvent \u00eatre reproduits ou extraits totalement ou partiellement sans l\u2019autorisation pr\u00e9alable et expr\u00e8s de Solarti.<\/p>\n\n\n\n<p>Les informations fournies par la soci\u00e9t\u00e9 Solarti au sein du site internet Solarti, le sont \u00e0 titre indicatif. La soci\u00e9t\u00e9 Solarti ne saurait garantir l\u2019exactitude, la compl\u00e9tude, l\u2019actualit\u00e9, l\u2019ad\u00e9quation ou le fonctionnement du site internet Solarti ou de l\u2019information qu\u2019il contient.<\/p>\n\n\n\n<p>Les informations diffus\u00e9es sur le site internet Solarti ne sauraient par ailleurs \u00eatre consid\u00e9r\u00e9es comme une proposition de vente ou d\u2019achat. Solarti ne vous garantie pas l\u2019existence ou la disponibilit\u00e9 de toute offre mentionn\u00e9e dans le pr\u00e9sent site internet Solarti. Solarti n\u2019assume aucune responsabilit\u00e9 relative \u00e0 l\u2019information contenue dans le pr\u00e9sent site internet et d\u00e9cline toute responsabilit\u00e9 d\u00e9coulant d\u2019une n\u00e9gligence ou autre concernant cette information.<\/p>\n\n\n\n<p>Le site internet Solarti est normalement accessible 24h\/24h et 7 jours\/7. En cas de force majeure, de difficult\u00e9s informatiques, de difficult\u00e9s li\u00e9es \u00e0 la structure des r\u00e9seaux de t\u00e9l\u00e9communications ou de difficult\u00e9s techniques, pour des raisons de maintenance, sans que cette liste ne soit exhaustive, l\u2019acc\u00e8s a tout ou partie du site internet pourra \u00eatre suspendu, interrompu ou supprim\u00e9 sur simple d\u00e9cision de Solarti.<\/p>\n\n\n\n<p>Le contenu du site internet Solarti est \u00e9volutif. Solarti se r\u00e9serve le droit de modifier, supprimer, interrompre, am\u00e9liorer le contenu, les caract\u00e9ristiques, les offres de services du site internet Solarti ainsi que les mentions l\u00e9gales sans notification pr\u00e9alable. Les utilisateurs du site internet Solarti doivent se r\u00e9f\u00e9rer \u00e0 chaque consultation dudit Site, \u00e0 la derni\u00e8re version des mentions l\u00e9gales du site internet Solarti, qui leur sont opposables d\u00e8s leur mise en ligne.<\/p>\n\n\n\n<p>Le site internet Solarti a \u00e9t\u00e9 cr\u00e9\u00e9 en France et est r\u00e9gi par le droit fran\u00e7ais. En utilisant le pr\u00e9sent Site Internet, l\u2019utilisateur accepte express\u00e9ment les pr\u00e9sentes conditions d\u2019utilisation. Tout litige portant sur l\u2019interpr\u00e9tation ou l\u2019ex\u00e9cution d\u2019un engagement contractuel pr\u00e9vu au pr\u00e9sent site internet sera de la comp\u00e9tence exclusive des tribunaux fran\u00e7ais faisant application de la loi fran\u00e7aise.<br>Propri\u00e9t\u00e9 intellectuelle<\/p>\n\n\n\n<p>Les marques, logos, noms commerciaux, l\u2019architecture du site internet, son contenu ainsi que les logiciels, textes, images anim\u00e9es ou non, sons, et tous autres \u00e9l\u00e9ments composants le site internet sont prot\u00e9g\u00e9s par le droit d\u2019auteur, le droit des marques ou tout autre droit de propri\u00e9t\u00e9 intellectuelle et sont la propri\u00e9t\u00e9 exclusive de la soci\u00e9t\u00e9 Solarti, sauf mention contraire. Toute reproduction du contenu du pr\u00e9sent site internet est interdite.<br>Donn\u00e9es personnelles<\/p>\n\n\n\n<p>Les Informations susceptibles d\u2019\u00eatre collect\u00e9es sur le site internet Solarti sont destin\u00e9es au traitement des demandes des utilisateurs et peuvent \u00eatre \u00e9galement utilis\u00e9es \u00e0 des fins de gestion administrative, commerciale et\/ou marketing (Google Analytic). Les Informations sont obtenues au moyen des formulaires pr\u00e9sents sur le site internet ou sont collect\u00e9es automatiquement par la soci\u00e9t\u00e9 Solarti gr\u00e2ce \u00e0 des techniques permettant de suivre votre navigation au sein de l\u2019espace de communication (Cookies). Vous d\u00e9clarez accepter la possibilit\u00e9 pour la soci\u00e9t\u00e9 Solarti d\u2019utiliser ces techniques permettant de tracer votre navigation au sein des services et de collecter ainsi les donn\u00e9es vous concernant.<\/p>\n\n\n\n<p>Conform\u00e9ment aux conditions pr\u00e9vues par la loi la loi du 6 janvier 1978 avec le R\u00e8glement g\u00e9n\u00e9ral sur la protection des donn\u00e9es (RGPD) du 27 avril 2016 directement applicable dans tous les pays europ\u00e9ens depuis le 25 mai 2018, vous disposez \u00e0 tout moment d\u2019un droit d\u2019acc\u00e8s, de communication, de rectification, d\u2019actualisation et de suppression des donn\u00e9es personnelles vous concernant. Pour exercer l\u2019un de ces droits, veuillez \u00e9crire \u00e0 la soci\u00e9t\u00e9 Solarti, dont l\u2019adresse est la suivante :<\/p>\n\n\n\n<p>Solarti<\/p>\n\n\n\n<p>Par courrier : 3, rue de la Close 44360 Saint-Etienne de Montluc<\/p>\n\n\n\n<p>Par e-mail : contact@solarti.fr<\/p>\n\n\n\n<p><\/p>\n","protected":false},"excerpt":{"rendered":"<p>Les informations fournies dans ce site ne sont donn\u00e9es qu\u2019\u00e0 titre indicatif et n\u2019ont pas de valeur contractuelle. Le site solarti.fr et l\u2019ensemble de son contenu, y compris textes, images fixes ou anim\u00e9es, bases de donn\u00e9es, programmes,\u2026 (ci-apr\u00e8s \u00ab le site internet de Solarti\u00bb) sont la propri\u00e9t\u00e9 de la soci\u00e9t\u00e9 Soci\u00e9t\u00e9 Solarti SARL, au capital [&hellip;]<\/p>\n","protected":false},"author":1,"featured_media":0,"parent":0,"menu_order":0,"comment_status":"closed","ping_status":"closed","template":"","meta":{"footnotes":""},"class_list":["post-500","page","type-page","status-publish","hentry"],"yoast_head":"<!-- This site is optimized with the Yoast SEO plugin v27.6 - https:\/\/yoast.com\/product\/yoast-seo-wordpress\/ -->\n<title>Mentions l\u00e9gales Solarti - Solarti<\/title>\n<meta name=\"robots\" content=\"index, follow, max-snippet:-1, max-image-preview:large, max-video-preview:-1\" \/>\n<link rel=\"canonical\" href=\"https:\/\/solarti.fr\/index.php\/mentions-legales-solarti\/\" \/>\n<meta property=\"og:locale\" content=\"fr_FR\" \/>\n<meta property=\"og:type\" content=\"article\" \/>\n<meta property=\"og:title\" content=\"Mentions l\u00e9gales Solarti - Solarti\" \/>\n<meta property=\"og:description\" content=\"Les informations fournies dans ce site ne sont donn\u00e9es qu\u2019\u00e0 titre indicatif et n\u2019ont pas de valeur contractuelle. Le site solarti.fr et l\u2019ensemble de son contenu, y compris textes, images fixes ou anim\u00e9es, bases de donn\u00e9es, programmes,\u2026 (ci-apr\u00e8s \u00ab le site internet de Solarti\u00bb) sont la propri\u00e9t\u00e9 de la soci\u00e9t\u00e9 Soci\u00e9t\u00e9 Solarti SARL, au capital [&hellip;]\" \/>\n<meta property=\"og:url\" content=\"https:\/\/solarti.fr\/index.php\/mentions-legales-solarti\/\" \/>\n<meta property=\"og:site_name\" content=\"Solarti\" \/>\n<meta property=\"article:publisher\" content=\"https:\/\/www.facebook.com\/profile.php?id=61569918682004\" \/>\n<meta name=\"twitter:card\" content=\"summary_large_image\" \/>\n<meta name=\"twitter:label1\" content=\"Dur\u00e9e de lecture estim\u00e9e\" \/>\n\t<meta name=\"twitter:data1\" content=\"5 minutes\" \/>\n<script type=\"application\/ld+json\" class=\"yoast-schema-graph\">{\"@context\":\"https:\\\/\\\/schema.org\",\"@graph\":[{\"@type\":\"WebPage\",\"@id\":\"https:\\\/\\\/solarti.fr\\\/index.php\\\/mentions-legales-solarti\\\/\",\"url\":\"https:\\\/\\\/solarti.fr\\\/index.php\\\/mentions-legales-solarti\\\/\",\"name\":\"Mentions l\u00e9gales Solarti - Solarti\",\"isPartOf\":{\"@id\":\"https:\\\/\\\/solarti.fr\\\/#website\"},\"datePublished\":\"2026-02-10T08:20:11+00:00\",\"breadcrumb\":{\"@id\":\"https:\\\/\\\/solarti.fr\\\/index.php\\\/mentions-legales-solarti\\\/#breadcrumb\"},\"inLanguage\":\"fr-FR\",\"potentialAction\":[{\"@type\":\"ReadAction\",\"target\":[\"https:\\\/\\\/solarti.fr\\\/index.php\\\/mentions-legales-solarti\\\/\"]}]},{\"@type\":\"BreadcrumbList\",\"@id\":\"https:\\\/\\\/solarti.fr\\\/index.php\\\/mentions-legales-solarti\\\/#breadcrumb\",\"itemListElement\":[{\"@type\":\"ListItem\",\"position\":1,\"name\":\"Accueil\",\"item\":\"https:\\\/\\\/solarti.fr\\\/\"},{\"@type\":\"ListItem\",\"position\":2,\"name\":\"Mentions l\u00e9gales Solarti\"}]},{\"@type\":\"WebSite\",\"@id\":\"https:\\\/\\\/solarti.fr\\\/#website\",\"url\":\"https:\\\/\\\/solarti.fr\\\/\",\"name\":\"Solarti\",\"description\":\"\u00e9lectricit\u00e9 g\u00e9n\u00e9rale, installations de production photovolta\u00efque, bornes de recharges\",\"publisher\":{\"@id\":\"https:\\\/\\\/solarti.fr\\\/#organization\"},\"potentialAction\":[{\"@type\":\"SearchAction\",\"target\":{\"@type\":\"EntryPoint\",\"urlTemplate\":\"https:\\\/\\\/solarti.fr\\\/?s={search_term_string}\"},\"query-input\":{\"@type\":\"PropertyValueSpecification\",\"valueRequired\":true,\"valueName\":\"search_term_string\"}}],\"inLanguage\":\"fr-FR\"},{\"@type\":\"Organization\",\"@id\":\"https:\\\/\\\/solarti.fr\\\/#organization\",\"name\":\"Solarti\",\"url\":\"https:\\\/\\\/solarti.fr\\\/\",\"logo\":{\"@type\":\"ImageObject\",\"inLanguage\":\"fr-FR\",\"@id\":\"https:\\\/\\\/solarti.fr\\\/#\\\/schema\\\/logo\\\/image\\\/\",\"url\":\"https:\\\/\\\/solarti.fr\\\/wp-content\\\/uploads\\\/2026\\\/01\\\/logo-solarti.jpg\",\"contentUrl\":\"https:\\\/\\\/solarti.fr\\\/wp-content\\\/uploads\\\/2026\\\/01\\\/logo-solarti.jpg\",\"width\":900,\"height\":230,\"caption\":\"Solarti\"},\"image\":{\"@id\":\"https:\\\/\\\/solarti.fr\\\/#\\\/schema\\\/logo\\\/image\\\/\"},\"sameAs\":[\"https:\\\/\\\/www.facebook.com\\\/profile.php?id=61569918682004\",\"https:\\\/\\\/www.instagram.com\\\/solarti.nantes\\\/\",\"https:\\\/\\\/www.linkedin.com\\\/company\\\/solarti\\\/?originalSubdomain=fr\"]}]}<\/script>\n<!-- \/ Yoast SEO plugin. -->","yoast_head_json":{"title":"Mentions l\u00e9gales Solarti - Solarti","robots":{"index":"index","follow":"follow","max-snippet":"max-snippet:-1","max-image-preview":"max-image-preview:large","max-video-preview":"max-video-preview:-1"},"canonical":"https:\/\/solarti.fr\/index.php\/mentions-legales-solarti\/","og_locale":"fr_FR","og_type":"article","og_title":"Mentions l\u00e9gales Solarti - Solarti","og_description":"Les informations fournies dans ce site ne sont donn\u00e9es qu\u2019\u00e0 titre indicatif et n\u2019ont pas de valeur contractuelle. Le site solarti.fr et l\u2019ensemble de son contenu, y compris textes, images fixes ou anim\u00e9es, bases de donn\u00e9es, programmes,\u2026 (ci-apr\u00e8s \u00ab le site internet de Solarti\u00bb) sont la propri\u00e9t\u00e9 de la soci\u00e9t\u00e9 Soci\u00e9t\u00e9 Solarti SARL, au capital [&hellip;]","og_url":"https:\/\/solarti.fr\/index.php\/mentions-legales-solarti\/","og_site_name":"Solarti","article_publisher":"https:\/\/www.facebook.com\/profile.php?id=61569918682004","twitter_card":"summary_large_image","twitter_misc":{"Dur\u00e9e de lecture estim\u00e9e":"5 minutes"},"schema":{"@context":"https:\/\/schema.org","@graph":[{"@type":"WebPage","@id":"https:\/\/solarti.fr\/index.php\/mentions-legales-solarti\/","url":"https:\/\/solarti.fr\/index.php\/mentions-legales-solarti\/","name":"Mentions l\u00e9gales Solarti - Solarti","isPartOf":{"@id":"https:\/\/solarti.fr\/#website"},"datePublished":"2026-02-10T08:20:11+00:00","breadcrumb":{"@id":"https:\/\/solarti.fr\/index.php\/mentions-legales-solarti\/#breadcrumb"},"inLanguage":"fr-FR","potentialAction":[{"@type":"ReadAction","target":["https:\/\/solarti.fr\/index.php\/mentions-legales-solarti\/"]}]},{"@type":"BreadcrumbList","@id":"https:\/\/solarti.fr\/index.php\/mentions-legales-solarti\/#breadcrumb","itemListElement":[{"@type":"ListItem","position":1,"name":"Accueil","item":"https:\/\/solarti.fr\/"},{"@type":"ListItem","position":2,"name":"Mentions l\u00e9gales Solarti"}]},{"@type":"WebSite","@id":"https:\/\/solarti.fr\/#website","url":"https:\/\/solarti.fr\/","name":"Solarti","description":"\u00e9lectricit\u00e9 g\u00e9n\u00e9rale, installations de production photovolta\u00efque, bornes de recharges","publisher":{"@id":"https:\/\/solarti.fr\/#organization"},"potentialAction":[{"@type":"SearchAction","target":{"@type":"EntryPoint","urlTemplate":"https:\/\/solarti.fr\/?s={search_term_string}"},"query-input":{"@type":"PropertyValueSpecification","valueRequired":true,"valueName":"search_term_string"}}],"inLanguage":"fr-FR"},{"@type":"Organization","@id":"https:\/\/solarti.fr\/#organization","name":"Solarti","url":"https:\/\/solarti.fr\/","logo":{"@type":"ImageObject","inLanguage":"fr-FR","@id":"https:\/\/solarti.fr\/#\/schema\/logo\/image\/","url":"https:\/\/solarti.fr\/wp-content\/uploads\/2026\/01\/logo-solarti.jpg","contentUrl":"https:\/\/solarti.fr\/wp-content\/uploads\/2026\/01\/logo-solarti.jpg","width":900,"height":230,"caption":"Solarti"},"image":{"@id":"https:\/\/solarti.fr\/#\/schema\/logo\/image\/"},"sameAs":["https:\/\/www.facebook.com\/profile.php?id=61569918682004","https:\/\/www.instagram.com\/solarti.nantes\/","https:\/\/www.linkedin.com\/company\/solarti\/?originalSubdomain=fr"]}]}},"_links":{"self":[{"href":"https:\/\/solarti.fr\/index.php\/wp-json\/wp\/v2\/pages\/500","targetHints":{"allow":["GET"]}}],"collection":[{"href":"https:\/\/solarti.fr\/index.php\/wp-json\/wp\/v2\/pages"}],"about":[{"href":"https:\/\/solarti.fr\/index.php\/wp-json\/wp\/v2\/types\/page"}],"author":[{"embeddable":true,"href":"https:\/\/solarti.fr\/index.php\/wp-json\/wp\/v2\/users\/1"}],"replies":[{"embeddable":true,"href":"https:\/\/solarti.fr\/index.php\/wp-json\/wp\/v2\/comments?post=500"}],"version-history":[{"count":1,"href":"https:\/\/solarti.fr\/index.php\/wp-json\/wp\/v2\/pages\/500\/revisions"}],"predecessor-version":[{"id":501,"href":"https:\/\/solarti.fr\/index.php\/wp-json\/wp\/v2\/pages\/500\/revisions\/501"}],"wp:attachment":[{"href":"https:\/\/solarti.fr\/index.php\/wp-json\/wp\/v2\/media?parent=500"}],"curies":[{"name":"wp","href":"https:\/\/api.w.org\/{rel}","templated":true}]}}